{"id":44,"date":"2019-04-11T23:12:56","date_gmt":"2019-04-11T23:12:56","guid":{"rendered":"http:\/\/s691700589.online.de\/?page_id=44"},"modified":"2025-04-07T08:00:10","modified_gmt":"2025-04-07T06:00:10","slug":"mitglied-werden","status":"publish","type":"page","link":"https:\/\/www.wco-giessen.de\/?page_id=44","title":{"rendered":"Mitglied werden"},"content":{"rendered":"\n<p>Die Mitglieder des Vereins zeichnen sich durch einen starken Zusam\u00admen\u00adhalt aus, sind neben engagierten und er\u00adfolg\u00adreichen Sch\u00fctzen auch in Ihrer Frei\u00adzeit f\u00fcr den Verein aktiv.<br>Gemein\u00adsame Sommer\u00adfeste aber auch Arbeits\u00adein\u00ads\u00e4tze werden in der Gemein\u00adschaft erlebt. Neue Vereins\u00admit\u00adglieder sind herzlich willkommen, sollten jedoch vorher sechs Monate regelm\u00e4\u00dfig am Schie\u00df\u00adbetrieb, Arbeits\u00adein\u00ads\u00e4tzen und Turnieren teil\u00adge\u00adnommen haben, bevor der Vor\u00adstand final \u00fcber Auf\u00adnahme in den Verein ent\u00adscheidet.<\/p>\n\n\n\n<div class=\"wp-block-buttons is-content-justification-center is-layout-flex wp-block-buttons-is-layout-flex\">\n<div class=\"wp-block-button\"><a class=\"wp-block-button__link has-white-color has-vivid-cyan-blue-background-color has-text-color has-background\" href=\"https:\/\/www.wco-giessen.de\/wp-content\/uploads\/2025\/04\/WCO-Aufnahmeantrag-15.03.2025.pdf\">Aufnahmeantrag<\/a><\/div>\n<\/div>\n","protected":false},"excerpt":{"rendered":"<p>Die Mitglieder des Vereins zeichnen sich durch einen starken Zusam\u00admen\u00adhalt aus, sind neben engagierten und er\u00adfolg\u00adreichen Sch\u00fctzen auch in Ihrer&hellip; <a class=\"read-more\" href=\"https:\/\/www.wco-giessen.de\/?page_id=44\">Weiterlesen <span class=\"screen-reader-text\">Mitglied werden<\/span><\/a><\/p>\n","protected":false},"author":1,"featured_media":0,"parent":0,"menu_order":0,"comment_status":"closed","ping_status":"closed","template":"","meta":{"ngg_post_thumbnail":0,"footnotes":""},"class_list":["post-44","page","type-page","status-publish","hentry"],"_links":{"self":[{"href":"https:\/\/www.wco-giessen.de\/index.php?rest_route=\/wp\/v2\/pages\/44","targetHints":{"allow":["GET"]}}],"collection":[{"href":"https:\/\/www.wco-giessen.de\/index.php?rest_route=\/wp\/v2\/pages"}],"about":[{"href":"https:\/\/www.wco-giessen.de\/index.php?rest_route=\/wp\/v2\/types\/page"}],"author":[{"embeddable":true,"href":"https:\/\/www.wco-giessen.de\/index.php?rest_route=\/wp\/v2\/users\/1"}],"replies":[{"embeddable":true,"href":"https:\/\/www.wco-giessen.de\/index.php?rest_route=%2Fwp%2Fv2%2Fcomments&post=44"}],"version-history":[{"count":13,"href":"https:\/\/www.wco-giessen.de\/index.php?rest_route=\/wp\/v2\/pages\/44\/revisions"}],"predecessor-version":[{"id":4409,"href":"https:\/\/www.wco-giessen.de\/index.php?rest_route=\/wp\/v2\/pages\/44\/revisions\/4409"}],"wp:attachment":[{"href":"https:\/\/www.wco-giessen.de\/index.php?rest_route=%2Fwp%2Fv2%2Fmedia&parent=44"}],"curies":[{"name":"wp","href":"https:\/\/api.w.org\/{rel}","templated":true}]}}