{"id":40,"date":"2019-04-11T23:04:08","date_gmt":"2019-04-11T23:04:08","guid":{"rendered":"http:\/\/s691700589.online.de\/?page_id=40"},"modified":"2021-04-21T03:57:34","modified_gmt":"2021-04-21T01:57:34","slug":"satzung","status":"publish","type":"page","link":"https:\/\/www.wco-giessen.de\/?page_id=40","title":{"rendered":"Satzung"},"content":{"rendered":"\n<div class=\"wp-block-buttons is-content-justification-center is-layout-flex wp-block-buttons-is-layout-flex\">\n<div class=\"wp-block-button\"><a class=\"wp-block-button__link has-white-color has-vivid-cyan-blue-background-color has-text-color has-background\" href=\"https:\/\/www.wco-giessen.de\/wp-content\/uploads\/2019\/04\/wco_satzung_2011.pdf\">Satzung<\/a><\/div>\n<\/div>\n\n\n\n<div style=\"height:47px\" aria-hidden=\"true\" class=\"wp-block-spacer\"><\/div>\n\n\n\n<p>Wurftauben Club Oberhessen e.V. <br>Satzung <br><br>\u00a7 1 Name und Sitz des Vereins <br>Der Verein f\u00fchrt den Namen \u201eWurftauben Club Oberhessen\u201c. Er ist in das Vereins\u00adregister beim Amts\u00adgericht Gie\u00dfen unter Nr. VR 637 am 22.09.1969 ein\u00adge\u00adtragen und hat seinen Sitz in Gie\u00dfen. <\/p>\n<p>\u00a7 2 <br>Der Verein verfolgt aus\u00adschlie\u00dflich und un\u00admittelbar gemeinn\u00fctzige Zwecke im Sinne des Abschnitts \u201eSteuer\u00adbeg\u00fcnstigte Zwecke\u201c der Abgabenordnung. Zweck des Vereins ist die F\u00f6rderung des Schie\u00dfsports. Der Satzungs\u00adzweck wird insbesondere verwirklicht durch die Aus\u00fcbung des Wurftauben\u00adschiessens, des B\u00fcchsen\u00adschiessens sowie des Kurzwaffen\u00adschiessens. Er ist Mitglied des Deutschen Sch\u00fctzenbundes und des Hessischen Sch\u00fctzen\u00adverbandes, sowie des Landessportbundes Hessen, deren Satzungen er an\u00aderkennt. <br><br>\u00a7 3 <br>Der Verein ist selbstlos t\u00e4tig. Er verfolgt nicht in erster Linie eigenwirtschaftliche Zwecke. <br><br>\u00a7 4 <br>Mittels des Vereins d\u00fcrfen nur f\u00fcr die satzungsgem\u00e4\u00dfe Zwecke verwendet werden. Die Mitglieder erhalten keine Zuwendung aus Mitteln des Vereins. <br><br>\u00a7 5 <br>Es darf keine Person durch Ausgaben, die dem Zwecke des Vereins fremd sind oder durch unverh\u00e4ltnism\u00e4\u00dfig hohe Verg\u00fctung, beg\u00fcnstigt werden. <br><br>\u00a7 6 Mitgliedschaft<br>1. Der Verein hat: <br>a) aktive Mitglieder \u00fcber 20 Jahre, <br>b) jugendliche Mitglieder unter 20 Jahren, <br>c) f\u00f6rdernde Mitglieder, <br>d) Ehrenmitglieder (k\u00f6nnen von der Hauptversammlung auf Vorschlag des Vorstandes ernannt werden). <br>2. Zur Aufnahme ist schriftliche Anmeldung er\u00adforderlich. Mitglied k\u00f6nnen alle Personen werden, die sich in geordneten Ver\u00adh\u00e4ltnissen befinden und \u00fcber einen guten Leumund ver\u00adf\u00fcgen. Zur Erlangung der Mitglied\u00adschaft ist die schriftliche B\u00fcrgschaft zweier B\u00fcrgern erforderlich. \u00dcber die endg\u00fcltige Aufnahme ent\u00adscheidet der Vorstand. <br>3. Jedes neu aufgenommene Mitglied erh\u00e4lt eine Mitglieds\u00adkarte, sowie auf Wunsch eine Satzung zum Selbstkostenpreis. Das neu auf\u00adge\u00adnommene Mitglied verpflichtet sich durch seine Beitrittserkl\u00e4rung, die Satzung des Vereins an\u00adzu\u00aderkennen und zu achten. <br>4. Mitglieder, die sich um den Verein ganz besondere Ver\u00addienste erworben haben, k\u00f6nnen von der Haupt\u00adver\u00adsammlung zu Ehren\u00admitgliedern ernannt werden. <br><br>\u00a7 7 Rechte und Pflichten der Mitglieder <br>Die Mitglieder haben freien oder erm\u00e4\u00dfigten Zutritt zu allen Ver\u00adeins\u00adver\u00adan\u00adstal\u00adtungen. Ausnahmen werden durch Vor\u00adstands\u00adbe\u00adschluss von Fall zu Fall bestimmt. Jedes Mit\u00adglied ist ver\u00adpflichtet, den Ver\u00adein nach besten Kr\u00e4ften zu f\u00f6rdern, die fest\u00adge\u00adsetzten Bei\u00adtr\u00e4ge zu leisten und die von der Ver\u00adeins\u00adlei\u00adtung zur Auf\u00adrecht\u00ader\u00adhaltung des Schie\u00df\u00adbetriebes er\u00adlassenen und An\u00adordnungen zu be\u00adachten. Mitglieder, die die Ver\u00adeins\u00adinteressen sch\u00e4digen und trotz wiederholter Mahnung nicht davon ablassen, k\u00f6nnen aus dem Ver\u00adein aus\u00adge\u00adschlos\u00adsen werden. Das gleiche gilt, wenn die Ver\u00adeins\u00adbei\u00adtr\u00e4ge nach F\u00e4lligkeit trotz Auf\u00adforderung nicht innerhalb der Frist von einem Monat ge\u00adzahlt werden. <br>Ehren\u00admitglieder genie\u00dfen alle Rechte der ordentlichen Mitglieder. Jedes Mitglied \u00fcber 18 Jahren besitzt Stimm- und Wahlrecht. W\u00e4hlbar sind nur Mitglieder \u00fcber 21 Jahren. <br>Bei Schie\u00dfveranstaltungen ist den Anordnungen des Schie\u00dfleiters bzw. dessen Stellvertreter unbedingt Folge zu leisten. In F\u00e4llen der Zuwiderhandlungen kann vom Schie\u00dfleiter bzw. dessen Stellvertreter Platz\u00adverweis erteilt werden. <br><br>\u00a7 8 Erl\u00f6schen der Mitgliedschaft <br>Die Mitgliedschaft erlischt durch Tod oder durch schriftliche Aus\u00adtritts\u00ader\u00adkl\u00e4rung auf den Schluss des Kalender\u00adjahres mit einer Frist von einem Monat. Der Beitrag ist bis zum Er\u00adl\u00f6schen der Mit\u00adglied\u00adschaft zu bezahlen.<br>Ein Ver\u00adeins\u00admit\u00adglied kann durch Be\u00adschluss des Vor\u00adstandes aus\u00adge\u00adschlossen werden (\u00a7 5 Abs. 2). Bei Stimm\u00adgleich\u00adheit ent\u00adscheidet der Vor\u00adsitzende. <br>Das aus\u00adge\u00adschlos\u00adsene Mit\u00adglied ist be\u00adrechtigt, in der n\u00e4chsten Haupt\u00adversammlung Be\u00adrufung ein\u00adzu\u00adlegen, die durch Be\u00adschluss end\u00adg\u00fcltig ent\u00adscheidet. Aus\u00adge\u00adtretene und aus\u00adge\u00adschlos\u00adsene Mit\u00adglieder ver\u00adlieren jedes An\u00adrecht an den Ver\u00adein und seine Ein\u00adrichtungen. Sie haben die Mit\u00adglieds\u00adkarte ab\u00adzu\u00adgeben.<br><br>\u00a7 9 Beitr\u00e4ge der Mitgliedschaft <br>1. Jedes Ver\u00adeins\u00admit\u00adglied be\u00adzahlt einen Jahres\u00adbe\u00aditrag, dessen H\u00f6he von der Haupt\u00adver\u00adsammlung be\u00adstimmt wird. S\u00e4mtliche Ein\u00adnahmen des Ver\u00adeins sind zur Er\u00adf\u00fcllung des Ver\u00adeins\u00adzweckes (\u00a7 2) zu ver\u00adwenden. <br>2. Jedes Mit\u00adglied zahlt bei Ein\u00adtritt den Bei\u00adtrag f\u00fcr das laufende Jahr sowie f\u00fcr das folgende Ge\u00adsch\u00e4fts\u00adjahr im Voraus. Jedes Mit\u00adglied ver\u00adpflichtet sich, dem Auf\u00adnahme\u00adan\u00adtrag eine aus\u00adge\u00adf\u00fcllte und unter\u00adschriebene Bank\u00adeinzugs\u00ader\u00adm\u00e4chti\u00adgung bei\u00adzuf\u00fcgen. <br>3. Der Vorstand ist er\u00adm\u00e4chtigt im 1. Quartal des laufenden Ge\u00adsch\u00e4fts\u00adjahres den Bei\u00adtrag f\u00fcr das n\u00e4chste Jahr ein\u00adzu\u00adziehen. <br>4. Bei Ein\u00adtritt von neuen Mit\u00adgliedern ist eine Auf\u00adnahmegeb\u00fchr zu ent\u00adrichten. <br>5. \u00dcber die H\u00f6he der Bei\u00adtr\u00e4ge und der Auf\u00adnahme\u00adge\u00adb\u00fchr ent\u00adscheidet die Haupt\u00adver\u00adsammlung. <br><br>\u00a7 10 Leitung und Verwaltung <br>1. Der 1. und 2. Vor\u00adsitzende leiten die Ver\u00adeins\u00adge\u00adsch\u00e4fte und ver\u00adtreten den Ver\u00adein ge\u00adrichtlich und au\u00dfer\u00adge\u00adrichtlich. Ver\u00adeins\u00adintern wird be\u00adstimmt, dass der 2. Vor\u00adsitzende nur bei Ver\u00adhinderungen des 1. Vor\u00adsitzenden t\u00e4tig oder wenn er be\u00adsonders dazu be\u00adauf\u00adtragt wird.<br>2. Der Vorstand besteht aus dem<br>1. ersten Vor\u00adsitzenden,<br>2. zweiten Vor\u00adsitzenden,<br>3. Schatz\u00admeister,<br>4. Schrift\u00adf\u00fchrer,<br>5. Schie\u00df\u00adleiter,<br>6. stell\u00adver\u00adtretenden Schie\u00df\u00adleiter.<br>Ein Vor\u00adstands\u00admit\u00adglied kann mehrere \u00c4mter aus\u00fcben. <br>3. Der Vor\u00adstand wird von der Haupt\u00adver\u00adsammlung f\u00fcr 2 Jahre ge\u00adw\u00e4hlt, in j\u00e4hrlicher ab\u00adwechselnder Folge f\u00fcr Nr. 1, 3 und 5 bzw. 2, 4 und 6 entsprechend \u00a7 10 Abs. 2 dieser Satzung, beginnend mit dem 1.1.1980. Der Vor\u00adstand f\u00fchrt die Amts\u00adge\u00adsch\u00e4fte bis zur jeweiligen Neu\u00adwahl. <br>4. Dem Vor\u00adstand ob\u00adliegt es, die Ver\u00adan\u00adstaltungen des Ver\u00adeins fest\u00adzulegen, sowie Sonder\u00adkommis\u00adsionen zur Er\u00adledigung be\u00adstim\u00admter An\u00adge\u00adlegen\u00adheiten zu be\u00adstellen. Er ent\u00adscheidet in allen in den Satzungen vor\u00adgesehen F\u00e4llen. Die Sitzungen werden ge\u00adleitet vom 1. Vor\u00adsitzenden, im Falle seiner Ver\u00adhinderung vom 2. Vor\u00adsitzenden. \u00dcber die Sitzung und Be\u00adschl\u00fcsse wird vom Schrift\u00adf\u00fchrer Protokoll ge\u00adf\u00fchrt, das vom Sitzungs\u00adleiter gegen zu\u00adzeichnen ist. <br>5. F\u00e4llt ein Mit\u00adglied des Vor\u00adstandes vor einer Haupt\u00adver\u00adsammlung weg, sei es durch Tod, R\u00fcck\u00adtritt oder dgl., so ist der Vor\u00adstand be\u00adrechtigt, einen Ersatz\u00admann zu w\u00e4hlen, der bis zur n\u00e4chsten Haupt\u00adver\u00adsammlung an die Stelle des Aus\u00adge\u00adschiedenen tritt. F\u00e4llt der 1. Vor\u00adsitzende weg, dann tritt an seine Stelle der 2. Vor\u00adsitzende. Scheidet der 2. Vor\u00adsitzende aus, so wird er bis zur n\u00e4chsten Haupt\u00adver\u00adsammlung durch den Schatz\u00admeister ver\u00adtreten. <br><br>\u00a7 11 <br>Die Haupt\u00adver\u00adsammlung w\u00e4hlt auf die Dauer von 2 Jahren zwei Kassen\u00adpr\u00fcfer. Sie haben vor dem Rechnungs\u00adab\u00adschluss eine ordentliche Kassen\u00adpr\u00fcfung vor\u00adzu\u00adnehmen und dar\u00fcber in der Haupt\u00adver\u00adsammlung Bericht zu er\u00adstatten. <br><br>\u00a7 12 <br>S\u00e4mtliche Organe des Ver\u00adeins \u00fcben ihre T\u00e4tig\u00adkeit ehren\u00adamtlich aus. An kein Ver\u00adeins\u00admit\u00adglied darf ein Ge\u00adwinn\u00adteil, Zu\u00adwendung, un\u00adver\u00adh\u00e4ltnis\u00adm\u00e4\u00dfig hohe Ver\u00adg\u00fctung oder \u00e4hnliches be\u00adzahlt werden. <br><br>\u00a7 13 <br>Die Haupt\u00adver\u00adsammlung muss in den ersten drei Monaten des Kalender\u00adjahres durch\u00adge\u00adf\u00fchrt werden. Sie wird vom 1. Vor\u00adsitzenden, im Falle seiner Ver\u00adhinderung vom 2. Vor\u00adsitzenden ein\u00adbe\u00adrufen und ge\u00adleitet. Die Ein\u00adladung muss sp\u00e4testens zwei Wochen vor\u00adher schriftlich unter Mit\u00adteilung der ein\u00adzelnen Punkte der Tages\u00adordnung erfolgen. <br>1. Tages\u00adordnung soll folgende Punkte ent\u00adhalten: <br>a) Bericht des Vor\u00adsitzenden und seiner Mit\u00adarbeiter \u00fcber das ab\u00adge\u00adlaufene Ge\u00adsch\u00e4fts\u00adjahr. <br>b) Ent\u00adlastung des Vor\u00adsitzenden und seinen Mit\u00adarbeiter. <br>c) Etwa an\u00adfallende Wahlen des Vor\u00adstandes und der Kassen\u00adpr\u00fcfer. <br>d) Ge\u00adnehmigungen des Haus\u00adhalts\u00advor\u00adanschlages. <br>e) Ent\u00adscheidung \u00fcber Be\u00adschwerden ge\u00adgen den Aus\u00adschluss eines Mit\u00adgliedes. <br>f) Be\u00adschluss\u00adfassung \u00fcber den An- und Ver\u00adkauf von Grund\u00adst\u00fccken und Ge\u00adr\u00e4ten. <br>g) Satzungs\u00ad\u00e4nderungen. <br>h) Antr\u00e4ge. <br>i) Ver\u00adschiedenes. <br>2. An\u00adtr\u00e4ge zur Haupt\u00adver\u00adsammlung k\u00f6nnen nur be\u00adr\u00fccksichtigt werden, wenn sie mindestens eine Woche vor der Ver\u00adsammlung schriftlich ein\u00adgereicht werden. <br>3. Bei der Be\u00adschluss\u00adfassung ent\u00adscheidet die Mehr\u00adheit der ab\u00adgegebenen Stimmen, soweit nichts anderes be\u00adstimmt ist. Bei Stimm\u00adgleichheit ent\u00adscheidet die Stimme des Vor\u00adsitzenden. <br>4. \u00dcber jede Haupt\u00adver\u00adsammlung ist vom Schrift\u00adf\u00fchrer oder einem be\u00adstimmten Protokoll\u00adf\u00fchrer ein Protokoll zu f\u00fchren, das von diesem und dem Vor\u00adsitzenden oder dem Ver\u00adsammlungs\u00adleiter zu unter\u00adzeichnen ist. <br><br>\u00a7 14 <br>1. Der Vor\u00adsitzende kann jederzeit eine au\u00dfer\u00adordentliche Haupt\u00adver\u00adsammlung mit einer Frist von einer Woche ein\u00adbe\u00adrufen. <br>2. Der Vor\u00adsitzende muss eine au\u00dfer\u00adordentliche Haupt\u00adver\u00adsammlung ein\u00adbe\u00adrufen, wenn dies von mindestens 15 stimm\u00adbe\u00adrechtigten Mit\u00adgliedern unter An\u00adgaben des Grundes ver\u00adlangt wird. <br>3. Die au\u00dfer\u00adordentliche Haupt\u00adver\u00adsammlung hat die gleichen Be\u00adfugnisse wie die ordentliche Haupt\u00adver\u00adsammlung. <br>4. F\u00fcr die Durch\u00adf\u00fchrung gelten die gleichen Be\u00adstim\u00admungen wie in \u00a7 11. <br><br>\u00a715 <br>Satzungs\u00ad\u00e4nderung kann nur mit \u00be-Mehrheit der er\u00adschienen Mit\u00adglieder er\u00adfolgen. <br><br>\u00a7 16 <br>Bei Auf\u00adl\u00f6sung oder Auf\u00adhebung des Ver\u00adeins oder bei Wegfall steuer\u00adbe\u00adg\u00fcnstigter Zwecke f\u00e4llt das Ver\u00adm\u00f6gen an den Jagd\u00adverein Hubertus Giessen u. Um\u00adge\u00adbung e.V., der es un\u00admittelbar und aus\u00adschlie\u00dflich f\u00fcr gemein\u00adn\u00fctzige Zwecke zu ver\u00adwenden hat. Be\u00adschl\u00fcsse \u00fcber die Ver\u00adwendung des Ver\u00adm\u00f6gens d\u00fcrfen erst nach Ein\u00adwilligung des Finanz\u00adamts aus\u00adge\u00adf\u00fchrt werden.<\/p>\n\n\n\n<p class=\"has-text-align-right\">Giessen, den 26. M\u00e4rz 2011<br><br>1.Vorsitzender, Klaus Schwan<br>2.Vorsitzender, Yannick Z\u00f6llner<\/p>\n\n\n\n<p class=\"has-text-align-right has-small-font-size\"><em>Angaben ohne Gew\u00e4hr<\/em><\/p>\n","protected":false},"excerpt":{"rendered":"<p>Wurftauben Club Oberhessen e.V. Satzung \u00a7 1 Name und Sitz des Vereins Der Verein f\u00fchrt den Namen \u201eWurftauben Club Oberhessen\u201c.&hellip; <a class=\"read-more\" href=\"https:\/\/www.wco-giessen.de\/?page_id=40\">Weiterlesen <span class=\"screen-reader-text\">Satzung<\/span><\/a><\/p>\n","protected":false},"author":1,"featured_media":0,"parent":0,"menu_order":0,"comment_status":"closed","ping_status":"closed","template":"","meta":{"ngg_post_thumbnail":0,"footnotes":""},"class_list":["post-40","page","type-page","status-publish","hentry"],"_links":{"self":[{"href":"https:\/\/www.wco-giessen.de\/index.php?rest_route=\/wp\/v2\/pages\/40","targetHints":{"allow":["GET"]}}],"collection":[{"href":"https:\/\/www.wco-giessen.de\/index.php?rest_route=\/wp\/v2\/pages"}],"about":[{"href":"https:\/\/www.wco-giessen.de\/index.php?rest_route=\/wp\/v2\/types\/page"}],"author":[{"embeddable":true,"href":"https:\/\/www.wco-giessen.de\/index.php?rest_route=\/wp\/v2\/users\/1"}],"replies":[{"embeddable":true,"href":"https:\/\/www.wco-giessen.de\/index.php?rest_route=%2Fwp%2Fv2%2Fcomments&post=40"}],"version-history":[{"count":36,"href":"https:\/\/www.wco-giessen.de\/index.php?rest_route=\/wp\/v2\/pages\/40\/revisions"}],"predecessor-version":[{"id":3190,"href":"https:\/\/www.wco-giessen.de\/index.php?rest_route=\/wp\/v2\/pages\/40\/revisions\/3190"}],"wp:attachment":[{"href":"https:\/\/www.wco-giessen.de\/index.php?rest_route=%2Fwp%2Fv2%2Fmedia&parent=40"}],"curies":[{"name":"wp","href":"https:\/\/api.w.org\/{rel}","templated":true}]}}