{"id":4,"date":"2020-05-25T22:00:00","date_gmt":"2020-05-25T20:00:00","guid":{"rendered":"http:\/\/s691700589.online.de\/willkommen-auf-http-s691700589-online-de"},"modified":"2026-05-02T18:40:23","modified_gmt":"2026-05-02T16:40:23","slug":"startseite","status":"publish","type":"page","link":"https:\/\/www.wco-giessen.de\/","title":{"rendered":"Startseite"},"content":{"rendered":"<p><style>\n.blink-one {animation: blinker-one 2s linear infinite;}@keyframes blinker-one {0% { opacity:0; }}<\/style><\/p>\n\n\n<blockquote class=\"wp-block-quote is-layout-flow wp-block-quote-is-layout-flow\">\n<p>Der Wurftauben-Club Oberhessen e.V.<\/p>\n<\/blockquote>\n\n\n\n<p>ist&nbsp;mit&nbsp;seinen&nbsp;\u00fcber 100 Mitgliedern einer der wenigen Vereine in Hessen, die das sport\u00adliche Wurf\u00adscheiben\u00ad\u00adschie\u00dfen der Disziplinen Trap und Skeet auf zwei von\u00adeinander un\u00adabh\u00e4ngigen St\u00e4nden anbieten kann. Unsere moderne Ab\u00adruf\u00adanlage von RANGEMASTER SYSTEMS ent\u00adspricht olympischen\/welt\u00admeister\u00adlichen An\u00ad\u00adspr\u00fcchen. Inklusion liegt uns am Herzen, seit Herbst 2020 gibt es deshalb auch barrierefreien Zugang vom Parkplatz zu den Schie\u00dfst\u00e4nden.<br>Eine \u00fcber 50-j\u00e4hrige Tradition zeichnet uns aus. Lernt uns als freund\u00ad\u00adlichen Sport\u00ad\u00ad\u00adverein kennen. Die Nachwuchs\u00ad\u00adf\u00f6rderung, der Er\u00ad\u00adhalt und Aus\u00ad\u00ad\u00adbau unserer Schie\u00df\u00ad\u00adsport\u00ad\u00adst\u00e4tte sowie die sportlichen Er\u00adfolge im Einzel- und Mann\u00adschafts\u00adwettbewerb stehen bei uns genauso im Mittel\u00ad\u00adpunkt wie das Ver\u00adeins\u00ad\u00adleben und private Kontakte.<br>Ich freue mich, wenn ich Dich als Gast oder Mit\u00ad\u00adglied in unserem Ver\u00adein Wurf\u00adtauben-Club Oberhessen e.V. begr\u00fc\u00dfen darf.<\/p>\n\n\n\n<p class=\"has-text-align-right\">Euer Hans-J\u00f6rg Schwan (<em>1.&nbsp;Vorsitzender<\/em>)<\/p>\n\n\n\n<hr class=\"wp-block-separator has-css-opacity\"\/>\n\n\n\n<h2 class=\"wp-block-heading\"><span class=\"blink-one\" style=\"color:red\">!Achtung Bleischrot Verbot!<\/span><\/h2>\n\n<p>Bei uns sind ausschlie\u00dflich Schrotpatronen mit Stahl-Vorlage gestattet.\n<\/p>\n\n<!--\n<img decoding=\"async\" script=\"\" src=\"https:\/\/www.wco-giessen.de\/wp-content\/uploads\/2024\/05\/pdf0.jpg\">\n<a href=\"https:\/\/www.wco-giessen.de\/wp-content\/uploads\/2024\/07\/Bleiverbot-Skeet-07.2024.pdf\" target=\"_blank\" rel=\"noopener\">Alle Infos zum Bleischrot Verbot gibt's hier\n<\/a>\n-->\n<br>\n\n<!--\n<p style=\"color:red\">Der Vorstand l\u00e4dt zu dem Thema Bleischrot Verbot zu einer Au\u00dferordentlichen Mitglieder Versammlung am 15.02.2025 ein. Weitere Infos in der Einladung.\n-->\n\n\n<hr class=\"wp-block-separator has-css-opacity\"\/>\n\n\n<h4 class=\"wp-block-heading\" id=\"aktuelles\">Aktuelles<\/h4>\n\n<ul class=\"lcp_catlist\" id=\"lcp_instance_0\"><li><a href=\"https:\/\/www.wco-giessen.de\/?p=4605\">Bezirksmeisterschaften 2026 in Skeet, Trap und D-Trap<\/a><\/li><li><a href=\"https:\/\/www.wco-giessen.de\/?p=4595\">Verlosung eines Gutscheins im Rahmen der JHV 2026<\/a><\/li><li><a href=\"https:\/\/www.wco-giessen.de\/?p=4570\">Valentinstagsschiessen<\/a><\/li><li><a href=\"https:\/\/www.wco-giessen.de\/?p=4540\"><!-- wp:media-text {\"mediaPosition\":\"right\",\"mediaId\":4539,\"mediaLink\":\"https:\/\/www.wco-giessen.de\/?attachment_id=4539\",\"mediaType\":\"video\"} --> <div class=\"wp-block-media-text has-media-on-the-right is-stacked-on-mobile\"><div class=\"wp-block-media-text__content\"><!-- wp:paragraph {\"placeholder\":\"Inhalt \u2026\"} --> <p><strong>Matts Masterclass<br>12.-14.Mai 26<br>27.-30.Juli 26<br>06.-08. Oktober 26<\/strong><\/p> <!-- \/wp:paragraph --><\/div><figure class=\"wp-block-media-text__media\"><video controls src=\"https:\/\/www.wco-giessen.de\/wp-content\/uploads\/2026\/01\/VIDEO-2026-01-20-12-45-47.mp4\" autoplay=\"on\" loop=\"on\" width=\"\u201c640\u201c\"><\/video><\/figure><\/div> <!-- \/wp:media-text --><\/a><\/li><li><a href=\"https:\/\/www.wco-giessen.de\/?p=4508\"><!-- wp:media-text {\"mediaPosition\":\"right\",\"mediaId\":4507,\"mediaLink\":\"https:\/\/www.wco-giessen.de\/wp-content\/uploads\/2026\/01\/VIDEO-2026-01-20-12-45-40.mp4\",\"mediaType\":\"video\"} --> <div class=\"wp-block-media-text has-media-on-the-right is-stacked-on-mobile\"><div class=\"wp-block-media-text__content\"><!-- wp:paragraph {\"placeholder\":\"Inhalt \u2026\"} --> <p><strong>18. April &amp; 26. Juli- The WCO &amp; Frankonia Challenge<br>100 Scheiben Super Sporting Event<\/strong><\/p> <!-- \/wp:paragraph --><\/div><figure class=\"wp-block-media-text__media\"><video controls src=\"https:\/\/www.wco-giessen.de\/wp-content\/uploads\/2026\/01\/VIDEO-2026-01-20-12-45-40.mp4\" autoplay=\"on\" loop=\"on\"><\/video><\/figure><\/div> <!-- \/wp:media-text --><\/a><\/li><\/ul>\n\n\n<hr class=\"wp-block-separator has-css-opacity\"\/>\n\n\n<h4 class=\"wp-block-heading\" id=\"termine\">Termine<\/h4>\n\n<ul class=\"lcp_catlist\" id=\"lcp_instance_0\">keine Termine in den n\u00e4chsten 30 Tagen<\/ul>\n\n\n<hr class=\"wp-block-separator has-css-opacity\"\/>\n\n\n<h4 class=\"wp-block-heading\" id=\"dauerbeitrag\">Dauerbeitrag<\/h4>\n\n<ul class=\"lcp_catlist\" id=\"lcp_instance_0\">momentan liegen keine Dauerbeitr\u00e4ge vor<\/ul>\n\n\n<div style=\"color:blue; border:6px solid #000;\" class=\"wp-block-html5-player-parent\">Hier ist ein kurzes Tutorial zum Erfassen eines Standaufsichtstermin\n\n<\/div>\n\n\n\n\n\n\n\n\n\n\n<figure class=\"wp-block-video\"><video height=\"720\" style=\"aspect-ratio: 1280 \/ 720;\" width=\"1280\" controls src=\"https:\/\/www.wco-giessen.de\/wp-content\/uploads\/2023\/11\/Standaufsicht-erfassen.m4v\"><\/video><\/figure>\n","protected":false},"excerpt":{"rendered":"<p>Der Wurftauben-Club Oberhessen e.V. ist&nbsp;mit&nbsp;seinen&nbsp;\u00fcber 100 Mitgliedern einer der wenigen Vereine in Hessen, die das sport\u00adliche Wurf\u00adscheiben\u00ad\u00adschie\u00dfen der Disziplinen Trap&hellip; <a class=\"read-more\" href=\"https:\/\/www.wco-giessen.de\/\">Weiterlesen <span class=\"screen-reader-text\">Startseite<\/span><\/a><\/p>\n","protected":false},"author":1,"featured_media":3813,"parent":0,"menu_order":0,"comment_status":"closed","ping_status":"open","template":"page-templates\/front-page.php","meta":{"ngg_post_thumbnail":0,"footnotes":""},"class_list":["post-4","page","type-page","status-publish","has-post-thumbnail","hentry"],"_links":{"self":[{"href":"https:\/\/www.wco-giessen.de\/index.php?rest_route=\/wp\/v2\/pages\/4","targetHints":{"allow":["GET"]}}],"collection":[{"href":"https:\/\/www.wco-giessen.de\/index.php?rest_route=\/wp\/v2\/pages"}],"about":[{"href":"https:\/\/www.wco-giessen.de\/index.php?rest_route=\/wp\/v2\/types\/page"}],"author":[{"embeddable":true,"href":"https:\/\/www.wco-giessen.de\/index.php?rest_route=\/wp\/v2\/users\/1"}],"replies":[{"embeddable":true,"href":"https:\/\/www.wco-giessen.de\/index.php?rest_route=%2Fwp%2Fv2%2Fcomments&post=4"}],"version-history":[{"count":330,"href":"https:\/\/www.wco-giessen.de\/index.php?rest_route=\/wp\/v2\/pages\/4\/revisions"}],"predecessor-version":[{"id":4614,"href":"https:\/\/www.wco-giessen.de\/index.php?rest_route=\/wp\/v2\/pages\/4\/revisions\/4614"}],"wp:featuredmedia":[{"embeddable":true,"href":"https:\/\/www.wco-giessen.de\/index.php?rest_route=\/wp\/v2\/media\/3813"}],"wp:attachment":[{"href":"https:\/\/www.wco-giessen.de\/index.php?rest_route=%2Fwp%2Fv2%2Fmedia&parent=4"}],"curies":[{"name":"wp","href":"https:\/\/api.w.org\/{rel}","templated":true}]}}