{"id":38,"date":"2019-04-11T22:51:51","date_gmt":"2019-04-11T22:51:51","guid":{"rendered":"http:\/\/s691700589.online.de\/?page_id=38"},"modified":"2026-04-16T20:47:36","modified_gmt":"2026-04-16T18:47:36","slug":"der-vorstand","status":"publish","type":"page","link":"https:\/\/www.wco-giessen.de\/?page_id=38","title":{"rendered":"Der Vorstand"},"content":{"rendered":"\n<figure class=\"wp-block-image size-large\"><img decoding=\"async\" width=\"1024\" height=\"400\" src=\"https:\/\/www.wco-giessen.de\/wp-content\/uploads\/2020\/11\/WCO-Vorstand.jpg\" alt=\"\" class=\"wp-image-2824\" srcset=\"https:\/\/www.wco-giessen.de\/wp-content\/uploads\/2020\/11\/WCO-Vorstand.jpg 1024w, https:\/\/www.wco-giessen.de\/wp-content\/uploads\/2020\/11\/WCO-Vorstand-300x117.jpg 300w, https:\/\/www.wco-giessen.de\/wp-content\/uploads\/2020\/11\/WCO-Vorstand-768x300.jpg 768w, https:\/\/www.wco-giessen.de\/wp-content\/uploads\/2020\/11\/WCO-Vorstand-660x258.jpg 660w\" sizes=\"(max-width: 1024px) 100vw, 1024px\" \/><figcaption class=\"wp-element-caption\">Der neue Vorstand (v.l.): J\u00fcrgen Heller, Klaus Schwan (Ehrenmitglieder), Michael Appelt, Hans-J\u00f6rg Schwan, Frank Br\u00fcckel, Markus Sandner, Matthias Macherey (ehem. Schriftf\u00fchrer), Yannick Z\u00f6llner.<\/figcaption><\/figure>\n\n\n\n<p>1. Vorsitzender<br>Hans-J\u00f6rg Schwan<\/p>\n\n\n\n<p>2. Vorsitzender<br>Yannick Z\u00f6llner<\/p>\n\n\n\n<p>Schatzmeister<br>Frank Br\u00fcckel<\/p>\n\n\n\n<p>Schriftf\u00fchrer (nicht im Foto)<br>Richard Loos<br><br>Schie\u00dfleiter<br>Markus Sandner<\/p>\n\n\n\n<p>Stellvertretender Schie\u00dfleiter<br>Michael Appelt<\/p>\n\n\n\n<hr class=\"wp-block-separator has-css-opacity\"\/>\n\n\n\n<p>Kassenpr\u00fcfer<br>Piero Carta<br>Anke Horn<\/p>\n","protected":false},"excerpt":{"rendered":"<p>1. VorsitzenderHans-J\u00f6rg Schwan 2. VorsitzenderYannick Z\u00f6llner SchatzmeisterFrank Br\u00fcckel Schriftf\u00fchrer (nicht im Foto)Richard Loos Schie\u00dfleiterMarkus Sandner Stellvertretender Schie\u00dfleiterMichael Appelt Kassenpr\u00fcferPiero CartaAnke&hellip; <a class=\"read-more\" href=\"https:\/\/www.wco-giessen.de\/?page_id=38\">Weiterlesen <span class=\"screen-reader-text\">Der Vorstand<\/span><\/a><\/p>\n","protected":false},"author":1,"featured_media":0,"parent":0,"menu_order":0,"comment_status":"closed","ping_status":"closed","template":"","meta":{"ngg_post_thumbnail":0,"footnotes":""},"class_list":["post-38","page","type-page","status-publish","hentry"],"_links":{"self":[{"href":"https:\/\/www.wco-giessen.de\/index.php?rest_route=\/wp\/v2\/pages\/38","targetHints":{"allow":["GET"]}}],"collection":[{"href":"https:\/\/www.wco-giessen.de\/index.php?rest_route=\/wp\/v2\/pages"}],"about":[{"href":"https:\/\/www.wco-giessen.de\/index.php?rest_route=\/wp\/v2\/types\/page"}],"author":[{"embeddable":true,"href":"https:\/\/www.wco-giessen.de\/index.php?rest_route=\/wp\/v2\/users\/1"}],"replies":[{"embeddable":true,"href":"https:\/\/www.wco-giessen.de\/index.php?rest_route=%2Fwp%2Fv2%2Fcomments&post=38"}],"version-history":[{"count":18,"href":"https:\/\/www.wco-giessen.de\/index.php?rest_route=\/wp\/v2\/pages\/38\/revisions"}],"predecessor-version":[{"id":4602,"href":"https:\/\/www.wco-giessen.de\/index.php?rest_route=\/wp\/v2\/pages\/38\/revisions\/4602"}],"wp:attachment":[{"href":"https:\/\/www.wco-giessen.de\/index.php?rest_route=%2Fwp%2Fv2%2Fmedia&parent=38"}],"curies":[{"name":"wp","href":"https:\/\/api.w.org\/{rel}","templated":true}]}}