{"id":36,"date":"2019-04-12T00:45:30","date_gmt":"2019-04-11T22:45:30","guid":{"rendered":"http:\/\/s691700589.online.de\/?page_id=36"},"modified":"2025-07-31T20:40:02","modified_gmt":"2025-07-31T18:40:02","slug":"verein","status":"publish","type":"page","link":"https:\/\/www.wco-giessen.de\/?page_id=36","title":{"rendered":"Verein"},"content":{"rendered":"\n<h2 class=\"wp-block-heading\" id=\"fakten\">Fakten<\/h2>\n\n\n\n<p>Sch\u00fctzenbezirk: 26<br>Vereinsnummer: 2600018<\/p>\n\n\n\n<h2 class=\"wp-block-heading\" id=\"philosophie\"><strong>Philosophie<\/strong><\/h2>\n\n\n\n<p>Der Wurftauben-Club Oberhessen (WCO) wurde am 22. September 1969 ge\u00adgr\u00fcndet und ist unter der Nummer 637 im Ver\u00adeins\u00adregister des Amts\u00adgerichtes Gie\u00dfen gef\u00fchrt. Unser Verein verfolgt aus\u00adschlie\u00dflich ge\u00admein\u00adn\u00fctzige Zwecke, n\u00e4mlich der F\u00f6rderung des Schie\u00df\u00adsports. Unser Haupt\u00adaugen\u00admerk liegt auf den Wurf\u00adscheiben\u00addisziplinen, ins\u00adbesondere dem Trap und dem Skeet Schie\u00dfen. Neben diesen Disziplinen werden u.a. auch Kurzwaffen-Disziplinen angeboten. Wir sind Mitglied des <a rel=\"noreferrer noopener\" aria-label=\"Deutschen Sch\u00fctzenbundes (opens in a new tab)\" href=\"https:\/\/www.dsb.de\" target=\"_blank\">Deutschen Sch\u00fctzen\u00adbundes<\/a>, des <a rel=\"noreferrer noopener\" aria-label=\"Hessischen Sch\u00fctzenverbandes (opens in a new tab)\" href=\"https:\/\/hessischer-schuetzenverband.de\/\" target=\"_blank\">Hessischen Sch\u00fctzen\u00adver\u00adbandes<\/a> sowie des <a rel=\"noreferrer noopener\" aria-label=\"Landessportbundes Hessen (opens in a new tab)\" href=\"https:\/\/www.landessportbund-hessen.de\/\" target=\"_blank\">Landes\u00adsport\u00adbundes Hessen<\/a>.<br>Die Mitglieder des Vereins zeichnen sich durch einen starken Zu\u00adsammen\u00adhalt aus, sind engagierten und er\u00adfolgreichen Sch\u00fctzen und auch in ihrer Freizeit f\u00fcr den Verein aktiv. Gemeinsame Feste aber auch Arbeits\u00ad\u00adeins\u00e4tze werden in der Ge\u00admein\u00adschaft erlebt. <\/p>\n\n\n\n<h2 class=\"wp-block-heading\" id=\"sanitare-an-lagen\">Sanit\u00e4re An\u00adlagen<\/h2>\n\n\n\n<p>Es stehen uns die sanit\u00e4ren Anlagen des <a href=\"https:\/\/www.hubertus-giessen.de\/\" target=\"_blank\" rel=\"noreferrer noopener\" aria-label=\"Jagdverein \u201eHubertus\u201c Gie\u00dfen und Umgebung e. V. (opens in a new tab)\">Jagdverein \u201eHubertus\u201c Gie\u00dfen und Umgebung e. V.<\/a> zur Verf\u00fcgung.<\/p>\n\n\n\n<h2 class=\"wp-block-heading\" id=\"park-moglich-keiten\">Park\u00adm\u00f6glich\u00adkeiten<\/h2>\n\n\n\n<p>\u00ad Es befinden sich M\u00f6glich\u00ad\u00adkeiten un\u00ad\u00admittel\u00ad\u00adbar vor dem Schie\u00df\u00adge\u00adl\u00e4nde.<\/p>\n\n\n\n<h2 class=\"wp-block-heading\" id=\"bewirtung\">Bewirtung<\/h2>\n\n\n\n<p>Die kulinarische Versorgung auf dem Schie\u00dfgel\u00e4nde erfolgt durch den <a rel=\"noreferrer noopener\" aria-label=\"Jagdverein \u201eHubertus\u201c Gie\u00dfen und Umgebung e. V.  (opens in a new tab)\" href=\"https:\/\/www.hubertus-giessen.de\/\" target=\"_blank\">Jagdverein \u201eHubertus\u201c Gie\u00dfen und Umgebung e. V.<\/a> oder bei gegebenen Anlass vereinsintern.<\/p>\n\n\n\n<h2 class=\"wp-block-heading\" id=\"beitrage\">Beitr\u00e4ge<\/h2>\n\n\n\n<p>Aufnahmebeitrag: 150 \u20ac<br>Jahresbeitrag: 75 \u20ac<\/p>\n\n\n\n<p style=\"text-align:right\" class=\"has-small-font-size\"><p class=\"has-text-align-right has-small-font-size\"><em>Alle Angaben ohne Gew\u00e4hr<\/em><\/p><\/p>\n","protected":false},"excerpt":{"rendered":"<p>Fakten Sch\u00fctzenbezirk: 26Vereinsnummer: 2600018 Philosophie Der Wurftauben-Club Oberhessen (WCO) wurde am 22. September 1969 ge\u00adgr\u00fcndet und ist unter der Nummer&hellip; <a class=\"read-more\" href=\"https:\/\/www.wco-giessen.de\/?page_id=36\">Weiterlesen <span class=\"screen-reader-text\">Verein<\/span><\/a><\/p>\n","protected":false},"author":1,"featured_media":0,"parent":0,"menu_order":0,"comment_status":"closed","ping_status":"closed","template":"","meta":{"ngg_post_thumbnail":0,"footnotes":""},"class_list":["post-36","page","type-page","status-publish","hentry"],"_links":{"self":[{"href":"https:\/\/www.wco-giessen.de\/index.php?rest_route=\/wp\/v2\/pages\/36","targetHints":{"allow":["GET"]}}],"collection":[{"href":"https:\/\/www.wco-giessen.de\/index.php?rest_route=\/wp\/v2\/pages"}],"about":[{"href":"https:\/\/www.wco-giessen.de\/index.php?rest_route=\/wp\/v2\/types\/page"}],"author":[{"embeddable":true,"href":"https:\/\/www.wco-giessen.de\/index.php?rest_route=\/wp\/v2\/users\/1"}],"replies":[{"embeddable":true,"href":"https:\/\/www.wco-giessen.de\/index.php?rest_route=%2Fwp%2Fv2%2Fcomments&post=36"}],"version-history":[{"count":27,"href":"https:\/\/www.wco-giessen.de\/index.php?rest_route=\/wp\/v2\/pages\/36\/revisions"}],"predecessor-version":[{"id":4440,"href":"https:\/\/www.wco-giessen.de\/index.php?rest_route=\/wp\/v2\/pages\/36\/revisions\/4440"}],"wp:attachment":[{"href":"https:\/\/www.wco-giessen.de\/index.php?rest_route=%2Fwp%2Fv2%2Fmedia&parent=36"}],"curies":[{"name":"wp","href":"https:\/\/api.w.org\/{rel}","templated":true}]}}