{"id":2477,"date":"2020-05-27T09:10:39","date_gmt":"2020-05-27T07:10:39","guid":{"rendered":"https:\/\/www.wco-giessen.de\/?page_id=2477"},"modified":"2021-08-13T12:40:06","modified_gmt":"2021-08-13T10:40:06","slug":"was-ist-trap","status":"publish","type":"page","link":"https:\/\/www.wco-giessen.de\/?page_id=2477","title":{"rendered":"Was ist Trap ?"},"content":{"rendered":"\n<p>Dies ist ein grober \u00dcberblick \u00fcber das Trapschie\u00dfen. Da sich die Reglements auf nationaler und internationaler Ebene fast j\u00e4hrlich \u00e4ndern, wird hier nur auf das Grundprinzip eingegangen. Selbstverst\u00e4ndlich ist das Trapschie\u00dfen keine ausschlie\u00dflich von M\u00e4nnern betriebene Sportart. Wenn hier also von \u201eSch\u00fctze(n)\u201c die Rede ist, ist damit eine gendergerechte Sprache gemeint.<\/p>\n\n\n\n<p>Mit Trapschie\u00dfen ist im heutigen Schie\u00dfsport eine besondere Disziplin des Wurfscheibenschie\u00dfens gemeint. Der Sch\u00fctze schie\u00dft mit einer Schrotflinte auf fliegende Ziele (Wurfscheiben, ehemals Tontauben). Die getroffenen Ziele ergeben Punkte und diese werden aufsummiert. Ziel ist es, so viele Wurfscheiben wie m\u00f6glich zu treffen und somit viele Punkte erzielen.<br>Seit 1900 ist die Disziplin Trap olympisch und die Wettk\u00e4mpfe werden w\u00e4hrend der Olympischen Spiele zum Teil im Fernsehen oder im Internet (ISSF) \u00fcbertragen.<\/p>\n\n\n\n<p>Der Begriff Trap bezeichnet im Englischen zum einen eine Wurfmaschine f\u00fcr Wurfscheiben, zum anderen ist dies der Begriff f\u00fcr \u201eFalle\u201c. Die Bezeichnung Trap ist darauf zur\u00fcckzuf\u00fchren, dass man sich fr\u00fcher in der Kunst des Schie\u00dfens auf lebendige Tauben ma\u00df. Diese wurden in K\u00e4figen in einer bestimmten Entfernung vor der Sch\u00fctzenlinie aufgestellt und mit einem langen Seil wurde von einem Helfer, dem Puller, auf das Kommando \u201epull!\u201c (dt. zieh) der K\u00e4fig ge\u00f6ffnet, sodass die darin befindliche Taube die Flucht ergriff und der Sch\u00fctze ihr hinterher schoss.<\/p>\n\n\n\n<p>Einen nicht unerheblichen Einfluss darauf, dass heute im sportlichen Flinte-Schie\u00dfen nicht mehr auf lebendige Tauben geschossen wird, sagt man der amerikanischen Schauspielerin Grace&nbsp;Kelly nach, die sich ab Ende der 1950er Jahre als F\u00fcrstin Gracia Patricia von Monaco daf\u00fcr stark machte, dass Schie\u00dfen auf lebendige Tiere zu unterbinden.<\/p>\n\n\n\n<p>Beim Trap wird auf Wurfscheiben geschossen. Sie sind aus einem biologisch abbaubaren Material und haben meist einen Durchmesser von 110 mm und ein Gewicht von 100 Gramm. Die Farbe ist in ebenfalls in den meisten F\u00e4llen orange.<\/p>\n\n\n\n<p>Beim Trapschie\u00dfen stehen die Sch\u00fctzen auf maximal f\u00fcnf Positionen nebeneinander. Die Wurfscheiben werden in einem bestimmten Abstand vor dem Sch\u00fctzen auf Zuruf gestartet. Dabei fliegen die Scheiben in unterschiedlichen Winkeln und H\u00f6hen von dem Sch\u00fctzen weg. Dieser versucht dabei in Flugrichtung vor die Scheibe zu schie\u00dfen, sodass die abgeschossenen Schrote und die Wurfscheibe zusammentreffen und die Scheibe zerspringt.<br>Das Regelwerk des olympischen Trap sieht einen Bunker in 15 Meter Entfernung vor dem Sch\u00fctzen vor, in dem sich insgesamt 15 Maschinen befinden, die eingestellt nach festgelegten Schemata die Scheiben in bestimmte Flugbahnen werfen.<br>Dabei werden ebenfalls die Flugweiten von 76 Meter festgelegt. Man kann von Anfangsgeschwindigkeiten von zirka 100 km\/h ausgehen.<\/p>\n\n\n\n<p>Andere Trap-Disziplinen haben etwas andere Aufbauten. Beim Universal-Trap befinden sich auf etwas beengtem Raum nur 5 Maschinen im Bunker, beim Down-The-Line (DTL) befindet sich nur ein sogenannter Taumler, eine Wurfmaschine, die \u00fcber eine Steuerkurve die H\u00f6he und den Abwurfwinkel zuf\u00e4llig ver\u00e4ndert, auf gleicher Ebene wie der Sch\u00fctze und ersetzt den aufw\u00e4ndig zu bauenden Bunker.<\/p>\n\n\n\n<p>Beschossen werden die Scheiben mit Schrotflinten bis Kaliber 12. Das entspricht einem Laufdurchmesser von ungef\u00e4hr 18 mm. Die Schrote haben einen Durchmesser von \u00fcblich 2,4&nbsp;mm und zusammen ein Gewicht von 24&nbsp;Gramm. Sie befinden noch beim Austreten aus dem Lauf in einem vorne offenen Kunststoffbecher, dem Schrotbecher. Die Geschwindigkeit der Schrote liegt bei ungef\u00e4hr 400 m\/s oder 1440 km\/h. Da sich beim Trapschie\u00dfen die Wurfscheibe vom Sch\u00fctzen entfernt, wird es im Laufe der Flugzeit immer schwieriger, die Scheibe zu treffen.<\/p>\n\n\n\n<p>Beim sportlichen Trap-Schie\u00dfen, darf der Sch\u00fctze, je nach Wettkampf, maximal zwei Patronen pro geworfener Wurfscheibe laden und schie\u00dfen. An einer Runde, bestehend aus 25 Scheiben pro Sch\u00fctze, k\u00f6nnen sich maximal 6 Personen beteiligen. Die Gruppe der sechs Sch\u00fctzen wird auch Rotte genannt. Sie durchlaufen die St\u00e4nden 1 bis 5 und ggf. die Warteposition 6 insgesamt 5 mal.<\/p>\n\n\n\n<p>Bei jeder Position bekommen sie jeweils eine Wurfscheibe geworfen, die sie beschie\u00dfen m\u00fcssen. Ausgel\u00f6st wird diese Scheibe ohne Verz\u00f6gerung durch ein vor dem Sch\u00fctzen stehendes Mikrofon. Der Sch\u00fctze hat dabei die Flinte bereits in der Schulter im Anschlag. Die Flinte ist nach dem Schie\u00dfen sofort zu \u00f6ffnen und die Patronen, ob voll oder leer, m\u00fcssen entnommen werden, bevor die Position gewechselt wird.<\/p>\n\n\n\n<p>Leider wird man bei \u00dcbertragungen im Fernsehen dieses Schie\u00dfen kaum sehen. Es werden meist nur die Finale zwischen den besten Sch\u00fctzen \u00fcbertragen. Dabei werden die vorher erreichten Punkte alle auf null gesetzt, damit der TV\u2011Zuschauer nicht vom Ergebnis der Vork\u00e4mpfe verwirrt wird. Geschossen wird dann mit nur einem Schuss auf sogenannte Flash-Scheiben, die beim Treffen eine Wolke aus gef\u00e4rbtem Maismehl oder St\u00e4rke freisetzen. Das erh\u00f6ht die Sichtbarkeit im Fernsehen.<\/p>\n\n\n\n<p>Die unterschiedlichen Trap-Disziplinen unterscheiden sich u.a. durch die Anschlagsart, ob evtl. zwei Ziele gleichzeitig in der Luft sind, die Entfernungen und Wurfweiten usw. Allen gleich ist jedoch die vom Sch\u00fctzen wegfliegende Wurfscheibe.<\/p>\n\n\n\n<p>In unserem Verein haben wir einen Trap-Bunker mit einer 5-Maschinen-Anlage, auf der man die Disziplinen Universal-Trap und das jagdliche Trap Schie\u00dfen kann. Sie bietet allerdings auch gute Trainingsm\u00f6glichkeiten f\u00fcr das olympische Trap Schie\u00dfen sowie Doppeltrap.<\/p>\n","protected":false},"excerpt":{"rendered":"<p>Dies ist ein grober \u00dcberblick \u00fcber das Trapschie\u00dfen. Da sich die Reglements auf nationaler und internationaler Ebene fast j\u00e4hrlich \u00e4ndern,&hellip; <a class=\"read-more\" href=\"https:\/\/www.wco-giessen.de\/?page_id=2477\">Weiterlesen <span class=\"screen-reader-text\">Was ist Trap ?<\/span><\/a><\/p>\n","protected":false},"author":1,"featured_media":0,"parent":59,"menu_order":0,"comment_status":"closed","ping_status":"closed","template":"","meta":{"ngg_post_thumbnail":0,"footnotes":""},"class_list":["post-2477","page","type-page","status-publish","hentry"],"_links":{"self":[{"href":"https:\/\/www.wco-giessen.de\/index.php?rest_route=\/wp\/v2\/pages\/2477","targetHints":{"allow":["GET"]}}],"collection":[{"href":"https:\/\/www.wco-giessen.de\/index.php?rest_route=\/wp\/v2\/pages"}],"about":[{"href":"https:\/\/www.wco-giessen.de\/index.php?rest_route=\/wp\/v2\/types\/page"}],"author":[{"embeddable":true,"href":"https:\/\/www.wco-giessen.de\/index.php?rest_route=\/wp\/v2\/users\/1"}],"replies":[{"embeddable":true,"href":"https:\/\/www.wco-giessen.de\/index.php?rest_route=%2Fwp%2Fv2%2Fcomments&post=2477"}],"version-history":[{"count":3,"href":"https:\/\/www.wco-giessen.de\/index.php?rest_route=\/wp\/v2\/pages\/2477\/revisions"}],"predecessor-version":[{"id":3522,"href":"https:\/\/www.wco-giessen.de\/index.php?rest_route=\/wp\/v2\/pages\/2477\/revisions\/3522"}],"up":[{"embeddable":true,"href":"https:\/\/www.wco-giessen.de\/index.php?rest_route=\/wp\/v2\/pages\/59"}],"wp:attachment":[{"href":"https:\/\/www.wco-giessen.de\/index.php?rest_route=%2Fwp%2Fv2%2Fmedia&parent=2477"}],"curies":[{"name":"wp","href":"https:\/\/api.w.org\/{rel}","templated":true}]}}