{"id":21,"date":"2019-04-11T22:33:21","date_gmt":"2019-04-11T22:33:21","guid":{"rendered":"http:\/\/s691700589.online.de\/?page_id=21"},"modified":"2021-04-21T04:02:55","modified_gmt":"2021-04-21T02:02:55","slug":"anfahrt","status":"publish","type":"page","link":"https:\/\/www.wco-giessen.de\/?page_id=21","title":{"rendered":"Anfahrt"},"content":{"rendered":"\n<p>Mit der 1-Klick Navigation kommt man ohne Umwege direkt auf das Gel\u00e4nde des WCO bzw. Jagdverein Hubertus Gie\u00dfen und Umgebung e.V.<\/p>\n\n\n\n<div class=\"wp-block-buttons is-content-justification-center is-layout-flex wp-block-buttons-is-layout-flex\">\n<div class=\"wp-block-button\"><a class=\"wp-block-button__link has-white-color has-vivid-cyan-blue-background-color has-text-color has-background\" href=\"https:\/\/www.google.com\/maps\/dir\/\/50.5112555,8.7704573\/@50.511256,8.770457,15z?hl=de\" target=\"_blank\" rel=\"noreferrer noopener\">1-Klick-Navigation mit google<\/a><\/div>\n<\/div>\n\n\n\n<hr class=\"wp-block-separator\"\/>\n\n\n\n<p class=\"has-text-align-center has-very-dark-gray-color has-very-light-gray-background-color has-text-color has-background\">Der n\u00e4chstgelegene Ortsteil:<br>35415 Pohlheim-Dorf-G\u00fcll, Hof-G\u00fcller-Stra\u00dfe<\/p>\n\n\n\n<hr class=\"wp-block-separator\"\/>\n\n\n\n<p>Solltest Du Dich <strong>aus Richtung Norden<\/strong>, an Garbenteich vorbei ann\u00e4hern, dann fahre auf der L3131 an Garbenteich vorbei in Richtung Dorf-G\u00fcll. Es folgt eine Bahnschranke und die Unterquerung der Autobahn. Danach kommt man durch ein Waldst\u00fcck, an dessen Ende geht es direkt links in den Wald. (Ca. 950m vor dem Ortsteil Dorf-G\u00fcll, am Anfang\/Ende des Radweges).<\/p>\n\n\n\n<p>Solltest Du Dich <strong>aus Richtung S\u00fcden<\/strong>, <strong>durch Dorf-G\u00fcll<\/strong> ann\u00e4hern, dann folge der Durchgangsstra\u00dfe (L3131). Ca. 950m nach dem Ortsausgang geht es rechts, beim Anfang\/Ende des Radweges in den Wald.<\/p>\n\n\n\n<p>In beiden F\u00e4llen f\u00e4hrt man im Wald \u00fcber einen geschotterten Privatweg. Erst biegt man nach ca. 400 m rechts auf eine lange Gerade ab. Dann, an deren Ende, links auf das Gel\u00e4nde des Jagdverein \u201eHubertus\u201c Gie\u00dfen und Umgebung e. V.<br>Dort geradeaus, auf den oberen Teil des Schie\u00dfstandes fahren, wo zwei Container links neben einer Schranke stehen.<\/p>\n\n\n\n<iframe scrolling=\"no\" marginheight=\"0\" marginwidth=\"0\" src=\"https:\/\/www.openstreetmap.org\/export\/embed.html?bbox=8.629417419433596%2C50.46406086252115%2C8.916091918945314%2C50.56110491996595&amp;layer=mapnik&amp;marker=50.51260782658847%2C8.772754669189453\" style=\"border: 1px solid black\" width=\"660\" height=\"600\" frameborder=\"0\"><\/iframe><br><small><a href=\"https:\/\/www.openstreetmap.org\/?mlat=50.5126&amp;mlon=8.7728#map=13\/50.5126\/8.7728\" target=\"_blank\" rel=\"noopener\">Gr\u00f6\u00dfere Karte anzeigen<\/a><\/small>\n\n\n\n<p><em>Die Anfahrt \u00fcber die Autobahn A5 und die Notabfahrt des Parkplatzes ist nicht anzuraten.<\/em><\/p>\n","protected":false},"excerpt":{"rendered":"<p>Mit der 1-Klick Navigation kommt man ohne Umwege direkt auf das Gel\u00e4nde des WCO bzw. Jagdverein Hubertus Gie\u00dfen und Umgebung&hellip; <a class=\"read-more\" href=\"https:\/\/www.wco-giessen.de\/?page_id=21\">Weiterlesen <span class=\"screen-reader-text\">Anfahrt<\/span><\/a><\/p>\n","protected":false},"author":1,"featured_media":0,"parent":0,"menu_order":0,"comment_status":"closed","ping_status":"closed","template":"","meta":{"ngg_post_thumbnail":0,"footnotes":""},"class_list":["post-21","page","type-page","status-publish","hentry"],"_links":{"self":[{"href":"https:\/\/www.wco-giessen.de\/index.php?rest_route=\/wp\/v2\/pages\/21","targetHints":{"allow":["GET"]}}],"collection":[{"href":"https:\/\/www.wco-giessen.de\/index.php?rest_route=\/wp\/v2\/pages"}],"about":[{"href":"https:\/\/www.wco-giessen.de\/index.php?rest_route=\/wp\/v2\/types\/page"}],"author":[{"embeddable":true,"href":"https:\/\/www.wco-giessen.de\/index.php?rest_route=\/wp\/v2\/users\/1"}],"replies":[{"embeddable":true,"href":"https:\/\/www.wco-giessen.de\/index.php?rest_route=%2Fwp%2Fv2%2Fcomments&post=21"}],"version-history":[{"count":42,"href":"https:\/\/www.wco-giessen.de\/index.php?rest_route=\/wp\/v2\/pages\/21\/revisions"}],"predecessor-version":[{"id":3195,"href":"https:\/\/www.wco-giessen.de\/index.php?rest_route=\/wp\/v2\/pages\/21\/revisions\/3195"}],"wp:attachment":[{"href":"https:\/\/www.wco-giessen.de\/index.php?rest_route=%2Fwp%2Fv2%2Fmedia&parent=21"}],"curies":[{"name":"wp","href":"https:\/\/api.w.org\/{rel}","templated":true}]}}