{"id":105,"date":"2019-04-12T15:03:18","date_gmt":"2019-04-12T13:03:18","guid":{"rendered":"http:\/\/s691700589.online.de\/?page_id=105"},"modified":"2024-05-04T17:56:35","modified_gmt":"2024-05-04T15:56:35","slug":"kalender","status":"publish","type":"page","link":"https:\/\/www.wco-giessen.de\/?page_id=105","title":{"rendered":"Termine"},"content":{"rendered":"<style>\n.blink-one {animation: blinker-one 2s linear infinite;}@keyframes blinker-one {0% { opacity: 0; }}<\/style>\n\n\n<div class=\"wp-block-group\"><div class=\"wp-block-group__inner-container is-layout-flow wp-block-group-is-layout-flow\">\n\n<h3 class=\"wp-block-heading\">\u00d6ffnungszeiten<\/h3>\n\n\n<p class=\"has-text-align-center\">Die aktuellen \u00d6ffnungszeiten von unserem Schie\u00dfstand k\u00f6nnt ihr im folgenden Kalender sehen.<\/p>\n\n<!-- iFrame Calendar -->\n<iframe frameborder=\"0\" height=\"500px\" width=\"100%\" src=\"https:\/\/kalender.digital\/f57303b4ee81c7660199?iframe=true\"><\/iframe>\n<!-- iFrame end -->\n\n<p>Wer den kompletten Kalender auf dem Handy oder Rechner haben m\u00f6chte, der kann im Kalender Menu oben Rechts das .ical-Format herunterladen. Es wird von den meisten Kalender-Programmen verstanden.<\/p>\n\n\n<p class=\"has-text-align-center has-small-font-size\"> <em>Alle <strong>Angaben<\/strong> sind <strong>ohne Gew\u00e4hr<\/strong> von Richtigkeit und Vollst\u00e4ndigkeit.<\/em><\/p>\n\n\n<div style=\"height:20px\" aria-hidden=\"true\" class=\"wp-block-spacer\"><\/div>\n\n\n<h3 class=\"wp-block-heading\">Veranstaltungen<\/h3>\n\n\n<p>Veranstaltungen werden wir fr\u00fchzeitig anzeigen. Beachtet bitte, dass bei Veranstaltungen der \u00f6ffentlich Betrieb eingeschr\u00e4nkt sein kann.<\/p>\n\n\n\n<\/div><\/div>\n","protected":false},"excerpt":{"rendered":"<p>\u00d6ffnungszeiten Die aktuellen \u00d6ffnungszeiten von unserem Schie\u00dfstand k\u00f6nnt ihr im folgenden Kalender sehen. Wer den kompletten Kalender auf dem Handy&hellip; <a class=\"read-more\" href=\"https:\/\/www.wco-giessen.de\/?page_id=105\">Weiterlesen <span class=\"screen-reader-text\">Termine<\/span><\/a><\/p>\n","protected":false},"author":1,"featured_media":0,"parent":0,"menu_order":0,"comment_status":"closed","ping_status":"closed","template":"","meta":{"ngg_post_thumbnail":0,"footnotes":""},"class_list":["post-105","page","type-page","status-publish","hentry"],"_links":{"self":[{"href":"https:\/\/www.wco-giessen.de\/index.php?rest_route=\/wp\/v2\/pages\/105","targetHints":{"allow":["GET"]}}],"collection":[{"href":"https:\/\/www.wco-giessen.de\/index.php?rest_route=\/wp\/v2\/pages"}],"about":[{"href":"https:\/\/www.wco-giessen.de\/index.php?rest_route=\/wp\/v2\/types\/page"}],"author":[{"embeddable":true,"href":"https:\/\/www.wco-giessen.de\/index.php?rest_route=\/wp\/v2\/users\/1"}],"replies":[{"embeddable":true,"href":"https:\/\/www.wco-giessen.de\/index.php?rest_route=%2Fwp%2Fv2%2Fcomments&post=105"}],"version-history":[{"count":97,"href":"https:\/\/www.wco-giessen.de\/index.php?rest_route=\/wp\/v2\/pages\/105\/revisions"}],"predecessor-version":[{"id":4103,"href":"https:\/\/www.wco-giessen.de\/index.php?rest_route=\/wp\/v2\/pages\/105\/revisions\/4103"}],"wp:attachment":[{"href":"https:\/\/www.wco-giessen.de\/index.php?rest_route=%2Fwp%2Fv2%2Fmedia&parent=105"}],"curies":[{"name":"wp","href":"https:\/\/api.w.org\/{rel}","templated":true}]}}